{"id":5261,"date":"2024-07-22T17:02:00","date_gmt":"2024-07-22T20:02:00","guid":{"rendered":"https:\/\/uptattoosupplies.com.br\/loja\/produto\/batoque-skull-up-medio\/"},"modified":"2026-01-19T13:10:52","modified_gmt":"2026-01-19T16:10:52","slug":"batoque-skull-up-medio","status":"publish","type":"product","link":"https:\/\/uptattoosupplies.com.br\/loja\/produto\/batoque-skull-up-medio\/","title":{"rendered":"Batoque Skull &#8211; UP &#8211; Medio"},"content":{"rendered":"<p style=\"margin-bottom: 19.4444px; line-height: 1.7;\" data-mce-fragment=\"1\"><span style=\"vertical-align: inherit;\"><span style=\"vertical-align: inherit;\"><span style=\"font-family: Arial, Helvetica, sans-serif;\"><span style=\"font-size: 16px;\">Batoque Skull Ink Caps<\/span><\/span><\/span><\/span><\/p>\n<p><span style=\"font-family: Arial, Helvetica, sans-serif;\"><span style=\"font-size: 1rem;\">Enfrente sua pr\u00f3xima tatuagem da maneira assustadora com os arrojados Skull Ink Caps<br \/>\n<\/span><\/span><span style=\"color: var(--color-body-text); font-family: Arial, Helvetica, sans-serif; font-size: 1rem; vertical-align: inherit;\">Esses batoques de tinta s\u00e3o de tamanho 14 (~ 14 mm) e podem armazenar uma grande quantidade de tinta de tatuagem para sua pr\u00f3xima sess\u00e3o.<br \/>\n<\/span><span style=\"color: var(--color-body-text); font-family: Arial, Helvetica, sans-serif; font-size: 1rem; vertical-align: inherit;\">O Batoque Premium tem op\u00e7\u00f5es de cores: Preto, Rosa, Azul ou Branco.<\/span><\/p>\n<ul style=\"margin: 0px; padding: 0px; font-size: 0.8rem; color: #3a3a3a; font-family: Arial, Helvetica, sans-serif;\">\n<li style=\"line-height: 1.7; font-size: 1rem;\"><span style=\"vertical-align: inherit;\"><span style=\"color: #000000; font-size: 14px;\"><span style=\"font-size: 16px;\">Batoque Skull Ink Caps<\/span><\/span><br style=\"color: #000000; font-family: Verdana, Arial, Helvetica, sans-serif; font-size: 14px;\" \/><\/span><span style=\"vertical-align: inherit;\">Pl\u00e1stico de polipropileno<\/span><\/li>\n<li style=\"line-height: 1.7; font-size: 1rem;\"><span style=\"vertical-align: inherit;\"><span style=\"vertical-align: inherit;\">Tamanho: #14 (M\u00e9dio); <\/span><span style=\"vertical-align: inherit;\">~14mm<\/span><\/span><\/li>\n<li style=\"line-height: 1.7; font-size: 1rem;\"><span style=\"vertical-align: inherit;\">Tampas de tinta com desenho de caveira<\/span><\/li>\n<li style=\"line-height: 1.7; font-size: 1rem;\"><span style=\"vertical-align: inherit;\">Vendido como um saco de 200 Unidades<\/span><\/li>\n<\/ul>\n","protected":false},"excerpt":{"rendered":"<p>Batoque Skull Ink Caps Enfrente sua pr\u00f3xima tatuagem da maneira assustadora com os arrojados Skull Ink Caps Esses batoques de tinta s\u00e3o de tamanho 14 (~ 14 mm) e podem armazenar uma grande quantidade de tinta de tatuagem para sua pr\u00f3xima sess\u00e3o. O Batoque Premium tem op\u00e7\u00f5es de cores: Preto, Rosa, Azul ou Branco. Batoque [&hellip;]<\/p>\n","protected":false},"featured_media":5267,"comment_status":"open","ping_status":"closed","template":"","meta":[],"product_brand":[],"product_cat":[348],"product_tag":[],"class_list":{"0":"post-5261","1":"product","2":"type-product","3":"status-publish","4":"has-post-thumbnail","6":"product_cat-descartaveis","8":"first","9":"instock","10":"featured","11":"shipping-taxable","12":"purchasable","13":"product-type-variable"},"_links":{"self":[{"href":"https:\/\/uptattoosupplies.com.br\/loja\/wp-json\/wp\/v2\/product\/5261","targetHints":{"allow":["GET"]}}],"collection":[{"href":"https:\/\/uptattoosupplies.com.br\/loja\/wp-json\/wp\/v2\/product"}],"about":[{"href":"https:\/\/uptattoosupplies.com.br\/loja\/wp-json\/wp\/v2\/types\/product"}],"replies":[{"embeddable":true,"href":"https:\/\/uptattoosupplies.com.br\/loja\/wp-json\/wp\/v2\/comments?post=5261"}],"wp:featuredmedia":[{"embeddable":true,"href":"https:\/\/uptattoosupplies.com.br\/loja\/wp-json\/wp\/v2\/media\/5267"}],"wp:attachment":[{"href":"https:\/\/uptattoosupplies.com.br\/loja\/wp-json\/wp\/v2\/media?parent=5261"}],"wp:term":[{"taxonomy":"product_brand","embeddable":true,"href":"https:\/\/uptattoosupplies.com.br\/loja\/wp-json\/wp\/v2\/product_brand?post=5261"},{"taxonomy":"product_cat","embeddable":true,"href":"https:\/\/uptattoosupplies.com.br\/loja\/wp-json\/wp\/v2\/product_cat?post=5261"},{"taxonomy":"product_tag","embeddable":true,"href":"https:\/\/uptattoosupplies.com.br\/loja\/wp-json\/wp\/v2\/product_tag?post=5261"}],"curies":[{"name":"wp","href":"https:\/\/api.w.org\/{rel}","templated":true}]}}