{"id":5166,"date":"2024-06-27T15:26:21","date_gmt":"2024-06-27T18:26:21","guid":{"rendered":"https:\/\/uptattoosupplies.com.br\/loja\/produto\/pen-sem-fio-jc4-power-pen-ajuste-cursor\/"},"modified":"2024-06-27T15:26:21","modified_gmt":"2024-06-27T18:26:21","slug":"pen-sem-fio-jc4-power-pen-ajuste-cursor","status":"publish","type":"product","link":"https:\/\/uptattoosupplies.com.br\/loja\/produto\/pen-sem-fio-jc4-power-pen-ajuste-cursor\/","title":{"rendered":"Pen Sem Fio JC4 Power Pen Ajuste CURSOR"},"content":{"rendered":"<p class=\"MsoNormal\"><strong>Pen Sem Fio UP JC4 Power Pen<br \/>\n<\/strong><br \/>\nConhe\u00e7a a s\u00e9rie sem fio UP JC Irons<br \/>\nAbrindo novos caminhos.<\/p>\n<p class=\"MsoNormal\">Uma maquina forte para tatuadores exigentes<br \/>\nTenha a liberade de tatuar sem fios de 5 a 6 horas com a fonte da\u00a0<strong>UP JC4 Power Pen!<br \/>\n<\/strong><\/p>\n<p class=\"MsoNormal\">Equipada com fun\u00e7\u00e3o Jump Start, garantindo vida longa a todo sistema.<br \/>\nVisor em Oled monocromatico, garantindo mais economia da bateria<br \/>\nAjuste de saida de agulha com catraca, garantindo maior precis\u00e3o do ajuste fino para cada tipo de trabalho.<\/p>\n<p class=\"MsoNormal\">Possui horimetro de horas de trabalho e indicador de quantidade de bateria<br \/>\nAcompanha ainda conector RCA, para uso com fontes cabeadas, tornando sua\u00a0<strong>UP\u00a0JC4 Power Pen\u00a0<\/strong>ainda mais compacta.<\/p>\n<p class=\"MsoNormal\">Projetado para revolucionar a m\u00e1quina sem fio de pr\u00f3xima gera\u00e7\u00e3o com sistema de acionamento direto, menor e mais poderoso do que nunca.<\/p>\n<p class=\"MsoNormal\">Motor: Motor\u00a0<span style=\"color: #333333; font-family: Roboto, Helvetica, Tahoma, Arial, 'Microsoft YaHei'; font-size: 12px;\">Coreless Powerfull\u00a0<\/span>S\/ N\u00facleo<\/p>\n<p class=\"MsoNormal\">Material: Alum\u00ednio Aeron\u00e1utico<\/p>\n<p class=\"MsoNormal\">Comprimento do curso: 2.4mm-4.2mm ajust\u00e1vel<\/p>\n<p class=\"MsoNormal\">Tens\u00e3o de opera\u00e7\u00e3o: 5,0 &#8211; 12 V DC<\/p>\n<p class=\"MsoNormal\">RPM: 10.800 RPM<\/p>\n<p class=\"MsoNormal\">Frequ\u00eancia: 60 &#8211; 160 Hz<\/p>\n<p class=\"MsoNormal\">Protrus\u00e3o da Agulha: 0 &#8211; 4,5 mm<\/p>\n<p class=\"MsoNormal\">Dimens\u00f5es (\u00d8 XL): 33 x 131 mm<\/p>\n<p class=\"MsoNormal\">Capacidade da bateria: Bateria Powerpack 1700mah<\/p>\n<p class=\"MsoNormal\">Tempo de recarga: 2,3 horas Powerpack<\/p>\n<p class=\"MsoNormal\">Tempo de trabalho: De 5 a 6 horas de trabalho por fonte \/ bateria<\/p>\n<p>Acompanha:<br \/>\n* 1\u00a0<strong>UP\u00a0JC4 Power Pen<br \/>\n<\/strong>* 1 Bateria Powerpack 1700mah<br \/>\n* 1 Cabo USB Tipo-C p\/ recarga<br \/>\n* 1 Cabo RCA<br \/>\n* 1 Conector RCA banhado a ouro<br \/>\n* 1 Pacote com Oring de reposi\u00e7\u00e3o<\/p>\n<p class=\"MsoNormal\"><strong>ANVISA\u00a082151430004<\/strong><\/p>\n","protected":false},"excerpt":{"rendered":"<p>A pen que vai suprir sua necessidade!<br \/>\nCurso Ajustavel de 2.4mm a 4.2mm<\/p>\n<p>Uma maquina versatil para todo tipo de tatuagem<br \/>\nTenha a liberade de tatuar sem fios\u00a0 com a fonte da\u00a0<strong>UP<\/strong>\u00a0<strong>JC4 Power Pen!<br \/>\nANVISA\u00a082151430004<\/strong><\/p>\n","protected":false},"featured_media":5170,"comment_status":"open","ping_status":"closed","template":"","meta":[],"product_brand":[],"product_cat":[315],"product_tag":[344,345,343,346,335,347],"class_list":{"0":"post-5166","1":"product","2":"type-product","3":"status-publish","4":"has-post-thumbnail","6":"product_cat-pen-sem-fio","7":"product_tag-ajuste-cursor","8":"product_tag-jc4","9":"product_tag-pem-ajuste-curso","10":"product_tag-pen-jc4","11":"product_tag-pen-sem-fio","12":"product_tag-pen-up-jc4","13":"pa_tipo-black","15":"first","16":"outofstock","17":"featured","18":"shipping-taxable","19":"purchasable","20":"product-type-variable"},"_links":{"self":[{"href":"https:\/\/uptattoosupplies.com.br\/loja\/wp-json\/wp\/v2\/product\/5166","targetHints":{"allow":["GET"]}}],"collection":[{"href":"https:\/\/uptattoosupplies.com.br\/loja\/wp-json\/wp\/v2\/product"}],"about":[{"href":"https:\/\/uptattoosupplies.com.br\/loja\/wp-json\/wp\/v2\/types\/product"}],"replies":[{"embeddable":true,"href":"https:\/\/uptattoosupplies.com.br\/loja\/wp-json\/wp\/v2\/comments?post=5166"}],"wp:featuredmedia":[{"embeddable":true,"href":"https:\/\/uptattoosupplies.com.br\/loja\/wp-json\/wp\/v2\/media\/5170"}],"wp:attachment":[{"href":"https:\/\/uptattoosupplies.com.br\/loja\/wp-json\/wp\/v2\/media?parent=5166"}],"wp:term":[{"taxonomy":"product_brand","embeddable":true,"href":"https:\/\/uptattoosupplies.com.br\/loja\/wp-json\/wp\/v2\/product_brand?post=5166"},{"taxonomy":"product_cat","embeddable":true,"href":"https:\/\/uptattoosupplies.com.br\/loja\/wp-json\/wp\/v2\/product_cat?post=5166"},{"taxonomy":"product_tag","embeddable":true,"href":"https:\/\/uptattoosupplies.com.br\/loja\/wp-json\/wp\/v2\/product_tag?post=5166"}],"curies":[{"name":"wp","href":"https:\/\/api.w.org\/{rel}","templated":true}]}}