{"id":5153,"date":"2024-06-27T15:26:23","date_gmt":"2024-06-27T18:26:23","guid":{"rendered":"https:\/\/uptattoosupplies.com.br\/loja\/produto\/pen-sem-fio-jc3-power-pen\/"},"modified":"2024-06-27T15:26:24","modified_gmt":"2024-06-27T18:26:24","slug":"pen-sem-fio-jc3-power-pen","status":"publish","type":"product","link":"https:\/\/uptattoosupplies.com.br\/loja\/produto\/pen-sem-fio-jc3-power-pen\/","title":{"rendered":"Pen Sem Fio JC3 UP Power Pen"},"content":{"rendered":"<p class=\"MsoNormal\"><strong>Pen Sem Fio JC3 UP Power Pen<br \/>\n<\/strong><br \/>\nConhe\u00e7a a s\u00e9rie sem fio JC Irons<br \/>\nAbrindo novos caminhos.<\/p>\n<p class=\"MsoNormal\">Uma maquina forte para tatuadores exigentes<br \/>\nTenha a liberade de tatuar sem fios de 8 a 12 horas com a fonte da\u00a0<strong>JC3 UP Power Pen!<br \/>\n<\/strong><\/p>\n<p class=\"MsoNormal\">Equipada com fun\u00e7\u00e3o Jump Start, garantindo vida longa a todo sistema.<br \/>\nVisor em Oled monocromatico, garantindo mais economia da bateria<br \/>\nAjuste de saida de agulha com catraca, garantindo maior precis\u00e3o do ajuste fino para cada tipo de trabalho.<\/p>\n<p class=\"MsoNormal\">Possui horimetro de horas de trabalho e indicador de quantidade de bateria<br \/>\nAcompanha ainda conector RCA, para uso com fontes cabeadas, tornando sua\u00a0<strong>JC3 UP Power Pen <\/strong>ainda mais compacta.<\/p>\n<p class=\"MsoNormal\">Projetado para revolucionar a m\u00e1quina sem fio de pr\u00f3xima gera\u00e7\u00e3o com sistema de acionamento direto, menor e mais poderoso do que nunca.<\/p>\n<p class=\"MsoNormal\">Motor: Motor <span style=\"color: #333333; font-family: Roboto, Helvetica, Tahoma, Arial, 'Microsoft YaHei'; font-size: 12px;\">Coreless Powerfull\u00a0<\/span>S\/ N\u00facleo<\/p>\n<p class=\"MsoNormal\">Material: Alum\u00ednio Aeron\u00e1utico<\/p>\n<p class=\"MsoNormal\">Comprimento do curso: 3,5 mm<\/p>\n<p class=\"MsoNormal\">Tens\u00e3o de opera\u00e7\u00e3o: 5,0 &#8211; 12 V DC<\/p>\n<p class=\"MsoNormal\">RPM: 10.800 RPM<\/p>\n<p class=\"MsoNormal\">Frequ\u00eancia: 60 &#8211; 160 Hz<\/p>\n<p class=\"MsoNormal\">Protrus\u00e3o da Agulha: 0 &#8211; 4,5 mm<\/p>\n<p class=\"MsoNormal\">Dimens\u00f5es (\u00d8 XL): 30 x 138 mm<\/p>\n<p class=\"MsoNormal\">Peso:253g com fonte de alimenta\u00e7\u00e3o<\/p>\n<p class=\"MsoNormal\">Capacidade da bateria: 2000mAh<\/p>\n<p class=\"MsoNormal\">Tempo de recarga: 3 horas Powerpack<\/p>\n<p class=\"MsoNormal\">Tempo de trabalho: de 8 a 12 horas de trabalho<\/p>\n<p>Acompanha:<br \/>\n* 1\u00a0<strong>JC3 UP Power Pen<\/strong><br \/>\n* 1 Cabo USB Tipo-C p\/ recarga<br \/>\n* 1 Cabo RCA<br \/>\n*Conector RCA banhado a ouro<\/p>\n<p class=\"MsoNormal\"><strong>ANVISA\u00a082151430004<\/strong><\/p>\n","protected":false},"excerpt":{"rendered":"<p>Chega de desculpas &#8211; \u00c9 hora da sua nova pen sem fios!!<\/p>\n<p>Uma maquina forte para tatuadores exigentes<br \/>\nTenha a liberade de tatuar sem fios de 8 a 11 horas com a fonte da\u00a0<strong>JC3 UPPower Pen!<\/strong><\/p>\n<p><strong>ANVISA\u00a082151430004<\/strong><strong><br \/>\n<\/strong><\/p>\n","protected":false},"featured_media":5202,"comment_status":"open","ping_status":"closed","template":"","meta":[],"product_brand":[],"product_cat":[315],"product_tag":[328,326,329,325,324,327],"class_list":{"0":"post-5153","1":"product","2":"type-product","3":"status-publish","4":"has-post-thumbnail","6":"product_cat-pen-sem-fio","7":"product_tag-jc3","8":"product_tag-jc3-pen-up","9":"product_tag-pen-da-up-taattoo","10":"product_tag-pen-jc3","11":"product_tag-pen-up","12":"product_tag-up-pen-jc3","13":"pa_tipo-azul","14":"pa_tipo-chumbo","15":"pa_tipo-roxo","16":"pa_tipo-verde","17":"pa_tipo-vermelho","19":"first","20":"outofstock","21":"shipping-taxable","22":"purchasable","23":"product-type-variable"},"_links":{"self":[{"href":"https:\/\/uptattoosupplies.com.br\/loja\/wp-json\/wp\/v2\/product\/5153","targetHints":{"allow":["GET"]}}],"collection":[{"href":"https:\/\/uptattoosupplies.com.br\/loja\/wp-json\/wp\/v2\/product"}],"about":[{"href":"https:\/\/uptattoosupplies.com.br\/loja\/wp-json\/wp\/v2\/types\/product"}],"replies":[{"embeddable":true,"href":"https:\/\/uptattoosupplies.com.br\/loja\/wp-json\/wp\/v2\/comments?post=5153"}],"wp:featuredmedia":[{"embeddable":true,"href":"https:\/\/uptattoosupplies.com.br\/loja\/wp-json\/wp\/v2\/media\/5202"}],"wp:attachment":[{"href":"https:\/\/uptattoosupplies.com.br\/loja\/wp-json\/wp\/v2\/media?parent=5153"}],"wp:term":[{"taxonomy":"product_brand","embeddable":true,"href":"https:\/\/uptattoosupplies.com.br\/loja\/wp-json\/wp\/v2\/product_brand?post=5153"},{"taxonomy":"product_cat","embeddable":true,"href":"https:\/\/uptattoosupplies.com.br\/loja\/wp-json\/wp\/v2\/product_cat?post=5153"},{"taxonomy":"product_tag","embeddable":true,"href":"https:\/\/uptattoosupplies.com.br\/loja\/wp-json\/wp\/v2\/product_tag?post=5153"}],"curies":[{"name":"wp","href":"https:\/\/api.w.org\/{rel}","templated":true}]}}