{"id":5095,"date":"2024-02-17T12:04:32","date_gmt":"2024-02-17T15:04:32","guid":{"rendered":"https:\/\/uptattoosupplies.com.br\/loja\/produto\/cartucho-dynamic-new-style-v2-spades\/"},"modified":"2026-03-24T17:14:03","modified_gmt":"2026-03-24T20:14:03","slug":"cartucho-dynamic-new-style-v2-spades","status":"publish","type":"product","link":"https:\/\/uptattoosupplies.com.br\/loja\/produto\/cartucho-dynamic-new-style-v2-spades\/","title":{"rendered":"Cartucho DYNAMIC New Style V2 Spades"},"content":{"rendered":"<h1 style=\"font-size: var(--font-size-big); margin: 0px; font-family: var(--font-family-primary); color: #495769; padding: 0px; letter-spacing: var(--letter-spacing);\" data-i18n=\"Produto:productStepByStep.form.titleNewProduct\"><strong>Cartucho Dynamic New Style V2 Spades<\/strong><\/h1>\n<p>&nbsp;<\/p>\n<h1 style=\"font-size: var(--font-size-big); margin: 0px; font-family: var(--font-family-primary); color: #495769; padding: 0px; letter-spacing: var(--letter-spacing);\" data-i18n=\"Produto:productStepByStep.form.titleNewProduct\">Sabe\u00a0 aquela sensa\u00e7\u00e3o de passar a faca quente na manteiga, que desliza facil?<br \/>\nEsta sensa\u00e7\u00e3o que as agulhas de cartucho Dynamic New Style V2 Spades proporcionam!<\/h1>\n<p>&nbsp;<\/p>\n<ul style=\"margin: 0px 0px 0.7em 18px; padding: 0px; color: #616161; font-family: 'Avenir Next', sans-serif; font-size: 16px;\">\n<li style=\"position: relative;\">\n<p style=\"margin-bottom: 1.3em; color: #777777; font-family: Poppins, sans-serif;\">Apresentamos o novo padr\u00e3o em conforto, estabilidade e longa dura\u00e7\u00e3o de afia\u00e7\u00e3o!<\/p>\n<p style=\"margin-bottom: 1.3em; color: #777777; font-family: Poppins, sans-serif;\">Os Cartuchos Dynamic New Style V2 s\u00e3o fabricados e montados por m\u00e1quinas rob\u00f3ticas guiadas por laser.<br \/>\nEsse m\u00e9todo preciso de montagem garante cartuchos uniformes e exemplares com desempenho exclusivo.<br \/>\nQuando se trata de tatuagem, esses cartuchos t\u00eam vibra\u00e7\u00e3o zero e nenhum movimento oscilante ou de um lado para o outro.<\/p>\n<p>Equipado com guia de estabiliza\u00e7\u00e3o interna, o que garante precis\u00e3o &#8220;cir\u00fargica&#8221;, tornando seu uso agrad\u00e1vel e menos traum\u00e1tico para seu cliente.<\/p>\n<p style=\"margin-bottom: 1.3em; color: #777777; font-family: Poppins, sans-serif;\">Apresentando agulhas de a\u00e7o cir\u00fargico e componentes de pl\u00e1stico de grau m\u00e9dico, as agulhas Spades s\u00e3o cuidadosamente inspecionadas, seguras de usar e embaladas individualmente em blisters esterilizados.<\/p>\n<p>O Cartucho Spades RL e RS s\u00e3o constru\u00eddos com um cone extra longo e oferecem penetra\u00e7\u00e3o na pele f\u00e1cil, para uma cicatriza\u00e7\u00e3o ideal.<br \/>\nOs magnuns Spades, constru\u00eddos de forma mais tradicional, oferecem as mesmas qualidades de penetra\u00e7\u00e3o ideais dos liners e shaders.<\/p>\n<p>As agulhas de cartucho Spade s\u00e3o f\u00e1ceis de limpar e apresentam o logotipo Spades exclusivo.<\/p>\n<p style=\"margin-bottom: 1.3em; color: #777777; font-family: Poppins, sans-serif;\">Seu segredo \u00e9 a alta qualidade das agulhas Japonesas com a\u00e7o 316L, com alta taxa de polimento, que recebe maior tempo de polimento, tornando a agulha afiada por mais horas!<\/p>\n<p style=\"margin-bottom: 1.3em; color: #777777; font-family: Poppins, sans-serif;\">Gra\u00e7as aos diferentes tamanhos de tra\u00e7os, n\u00e3o h\u00e1 limites para a liberdade criativa individual do artista.<\/p>\n<p style=\"margin-bottom: 1.3em; color: #777777; font-family: Poppins, sans-serif;\">Preencher as cores \u00e9 t\u00e3o f\u00e1cil quanto aplic\u00e1-las com as agulhas de primeira classe, mergulhando em um pequeno batoque colorido ou preenchendo a abertura superior do cartucho.<\/p>\n<p style=\"margin-bottom: 1.3em; color: #777777; font-family: Poppins, sans-serif;\">Al\u00e9m disso, ajustamos o encaixe no corpoe do grip, que pode ser trocado rapidamente e permite um trabalho perfeito, descomplicado e higi\u00eanico!<\/p>\n<ul style=\"margin-top: 0px; padding: 0px; margin-bottom: 1.3em; color: #777777; font-family: Poppins, sans-serif;\">\n<li style=\"margin-bottom: 0.6em; margin-left: 1.3em;\">Cartucho Dynamic New Style V2 Spades<\/li>\n<li style=\"margin-bottom: 0.6em; margin-left: 1.3em;\">Spades Needles V2<\/li>\n<\/ul>\n<p style=\"margin-bottom: 1.3em; color: #777777; font-family: Poppins, sans-serif;\"><span style=\"font-weight: bolder;\">Especifica\u00e7\u00f5es:<\/span><\/p>\n<ul style=\"margin-top: 0px; padding: 0px; margin-bottom: 1.3em; color: #777777; font-family: Poppins, sans-serif;\">\n<li style=\"margin-bottom: 0.6em; margin-left: 1.3em;\">Tipo de agulha: Round Liner (RL), Round Shader (RS), Magnum (MG), Curved Magnum (RM)<\/li>\n<li style=\"margin-bottom: 0.6em; margin-left: 1.3em;\">Agulhas de a\u00e7o 316L Austenitico\u00a0 cir\u00fargico com componentes de pl\u00e1stico de grau m\u00e9dico<\/li>\n<li style=\"margin-bottom: 0.6em; margin-left: 1.3em;\">Ponta chanfrada em formato de funil, tornando a descida de tinta no ponto certo, sem espirrar, garantindo economia!<\/li>\n<li style=\"margin-bottom: 0.6em; margin-left: 1.3em;\">Fabricado por m\u00e1quinas rob\u00f3ticas guiadas por laser<\/li>\n<li style=\"margin-bottom: 0.6em; margin-left: 1.3em;\">Baixa vibra\u00e7\u00e3o para tatuagem confort\u00e1vel<\/li>\n<li style=\"margin-bottom: 0.6em; margin-left: 1.3em;\">Sem movimentos de um lado para o outro ou oscila\u00e7\u00e3o<\/li>\n<li style=\"margin-bottom: 0.6em; margin-left: 1.3em;\">Vem com membrana interna para evitar respingos de tinta<\/li>\n<li style=\"margin-bottom: 0.6em; margin-left: 1.3em;\">Cuidadosamente inspecionados e embalados em blisters esterilizados<\/li>\n<li style=\"margin-bottom: 0.6em; margin-left: 1.3em;\">Cartucho Universal \u2013 Compat\u00edvel com todos os GRIPS de cartucho e m\u00e1quinas<\/li>\n<li style=\"margin-bottom: 0.6em; margin-left: 1.3em;\">Pre\u00e7o por uma caixa de 10 cartuchos de agulha<\/li>\n<\/ul>\n<p><span style=\"vertical-align: inherit;\">Produto com Registro ANVISA 82151439001<br \/>\n<\/span><\/li>\n<\/ul>\n","protected":false},"excerpt":{"rendered":"<p style=\"margin-bottom: 1.3em; color: #777777; font-family: Poppins, sans-serif; font-size: 16px;\">Pre\u00e7o por uma caixa de 10 cartuchos de agulha<\/p>\n<p style=\"margin-bottom: 1.3em; color: #777777; font-family: Poppins, sans-serif; font-size: 16px;\">Produto com Registro ANVISA 82151439001<\/p>\n","protected":false},"featured_media":5084,"comment_status":"open","ping_status":"closed","template":"","meta":[],"product_brand":[],"product_cat":[104],"product_tag":[312,186,132,313,314,129,184],"class_list":{"0":"post-5095","1":"product","2":"type-product","3":"status-publish","4":"has-post-thumbnail","6":"product_cat-spades-dynamic","7":"product_tag-agulha-dinamic","8":"product_tag-agulha-dynamic","9":"product_tag-cartucho-dynamic","10":"product_tag-cartucho-fine-line","11":"product_tag-cartucho-kwadron","12":"product_tag-cartucho-up-high-tech","13":"product_tag-dynamic-spades","15":"first","16":"instock","17":"featured","18":"shipping-taxable","19":"purchasable","20":"product-type-variable"},"_links":{"self":[{"href":"https:\/\/uptattoosupplies.com.br\/loja\/wp-json\/wp\/v2\/product\/5095","targetHints":{"allow":["GET"]}}],"collection":[{"href":"https:\/\/uptattoosupplies.com.br\/loja\/wp-json\/wp\/v2\/product"}],"about":[{"href":"https:\/\/uptattoosupplies.com.br\/loja\/wp-json\/wp\/v2\/types\/product"}],"replies":[{"embeddable":true,"href":"https:\/\/uptattoosupplies.com.br\/loja\/wp-json\/wp\/v2\/comments?post=5095"}],"wp:featuredmedia":[{"embeddable":true,"href":"https:\/\/uptattoosupplies.com.br\/loja\/wp-json\/wp\/v2\/media\/5084"}],"wp:attachment":[{"href":"https:\/\/uptattoosupplies.com.br\/loja\/wp-json\/wp\/v2\/media?parent=5095"}],"wp:term":[{"taxonomy":"product_brand","embeddable":true,"href":"https:\/\/uptattoosupplies.com.br\/loja\/wp-json\/wp\/v2\/product_brand?post=5095"},{"taxonomy":"product_cat","embeddable":true,"href":"https:\/\/uptattoosupplies.com.br\/loja\/wp-json\/wp\/v2\/product_cat?post=5095"},{"taxonomy":"product_tag","embeddable":true,"href":"https:\/\/uptattoosupplies.com.br\/loja\/wp-json\/wp\/v2\/product_tag?post=5095"}],"curies":[{"name":"wp","href":"https:\/\/api.w.org\/{rel}","templated":true}]}}