{"id":4766,"date":"2024-04-17T09:18:19","date_gmt":"2024-04-17T12:18:19","guid":{"rendered":"https:\/\/uptattoosupplies.com.br\/loja\/produto\/cartucho-lance-pepax-caixa\/"},"modified":"2026-03-24T17:13:53","modified_gmt":"2026-03-24T20:13:53","slug":"cartucho-lance-pepax-caixa","status":"publish","type":"product","link":"https:\/\/uptattoosupplies.com.br\/loja\/produto\/cartucho-lance-pepax-caixa\/","title":{"rendered":"Cartucho Lance PEPAX Caixa"},"content":{"rendered":"<p class=\"MsoNormal\"><span style=\"line-height: 107%;\"><span style=\"font-family: 'Century Gothic', sans-serif; font-size: 16px;\">Cartucho Lance PEPAX<br \/>\n<\/span><span style=\"font-family: Century Gothic, sans-serif;\"><span style=\"font-size: 12pt;\"><br \/>\nOs cartuchos de agulhas PEPAX Lance s\u00e3o projetados pela PEPAX, chamamos de &#8220;Lance&#8221;.<\/span><\/span><\/span><\/p>\n<p><span style=\"font-family: Century Gothic, sans-serif;\"><span style=\"font-size: 12pt;\">Lan\u00e7a \u00e9 a arma do cavaleiro. <\/span><\/span><\/p>\n<p><span style=\"font-family: Century Gothic, sans-serif;\"><span style=\"font-size: 12pt;\"> Esperamos que os tatuadores que tatuam com nossas agulhas de cartucho possam desafiar e vencer as dificuldades enfrentadas por todas as tatuagens. <\/span><\/span><\/p>\n<p><span style=\"font-family: Century Gothic, sans-serif;\"><span style=\"font-size: 12pt;\"> Esperamos poder dar energia para os tatuadores, por isso nos concentramos no feedback de cada tatuador sobre os produtos. <\/span><\/span><\/p>\n<p><span style=\"font-family: Century Gothic, sans-serif;\"><span style=\"font-size: 12pt;\"> Assim como n\u00f3s, com base na solicita\u00e7\u00e3o dos tatuadores, nos desafiamos a superar as dificuldades que enfrentamos no design dos produtos, para que possamos fornecer agulhas de cartucho de maior qualidade.<\/span><\/span><\/p>\n<p class=\"MsoNormal\"><span style=\"line-height: 107%;\"><span style=\"font-family: Century Gothic, sans-serif;\"><span style=\"font-size: 12pt;\"><strong>Caracter\u00edsticas:<\/strong><\/span><\/span><\/span><\/p>\n<p><span style=\"font-size: 12.0pt; line-height: 107%; font-family: 'Century Gothic',sans-serif;\">\uf06cMaterial: material de grau m\u00e9dico, mais seguran\u00e7a do que o material de PVC.<br \/>\nA agulha \u00e9 feita de a\u00e7o inoxid\u00e1vel m\u00e9dico padr\u00e3o japon\u00eas, com pontas afiadas e bem-organizadas<\/span><\/p>\n<p class=\"MsoNormal\"><span style=\"font-size: 12.0pt; line-height: 107%; font-family: 'Century Gothic',sans-serif;\">\uf06c Toda a produ\u00e7\u00e3o e montagem dos cartuchos de agulhas s\u00e3o realizadas na oficina ass\u00e9ptica e s\u00e3o embalados ap\u00f3s desinfec\u00e7\u00e3o e esteriliza\u00e7\u00e3o para garantir a seguran\u00e7a das agulhas<\/span><\/p>\n<p class=\"MsoNormal\"><span style=\"font-size: 12.0pt; line-height: 107%; font-family: 'Century Gothic',sans-serif;\">\uf06cO design antiderrapante em ambos os lados n\u00e3o \u00e9 apenas muito conveniente e economiza trabalho ao trocar a agulha, mas tamb\u00e9m ajuda o tatuador a controlar melhor a agulha<\/span><\/p>\n<p class=\"MsoNormal\"><span style=\"font-size: 12.0pt; line-height: 107%; font-family: 'Century Gothic',sans-serif;\">\uf06cA parte de tr\u00e1s da agulha tem um design c\u00f4ncavo, que \u00e9 conveniente e aconchegante para os dedos durante a tatuagem<\/span><\/p>\n<p class=\"MsoNormal\"><span style=\"font-size: 12.0pt; line-height: 107%; font-family: 'Century Gothic',sans-serif;\">\uf06cO formato do inv\u00f3lucro da agulha \u00e9 projetado de acordo com a mec\u00e2nica artificial, e a postura de segurar \u00e9 confort\u00e1vel, e o tatuador n\u00e3o ficar\u00e1 cansado depois de trabalhar por um longo tempo<\/span><\/p>\n<p class=\"MsoNormal\"><span style=\"font-size: 12.0pt; line-height: 107%; font-family: 'Century Gothic',sans-serif;\">\uf06cA agulha RL (Tra\u00e7o) adota um design em forma de funil, que armazena mais tinta, e a descarga de tinta \u00e9 muito uniforme, sem jato de tinta, a agulha Tra\u00e7o RL pode tatuar linhas mais longas<\/span><\/p>\n<p class=\"MsoNormal\"><span style=\"font-size: 12.0pt; line-height: 107%; font-family: 'Century Gothic',sans-serif;\">\uf06cAs agulhas do cartucho Magnum aumentam o design da ranhura na parte traseira, sua fun\u00e7\u00e3o \u00e9 aumentar a fun\u00e7\u00e3o de armazenamento de tinta, e a ponta aberta da agulha magnum e curva magnum s\u00e3o f\u00e1ceis de limpar<\/span><\/p>\n<p class=\"MsoNormal\"><span style=\"font-size: 12.0pt; line-height: 107%; font-family: 'Century Gothic',sans-serif;\">\uf06cAs agulhas de cartucho PEPAX Lance s\u00e3o est\u00e1veis, o design do estabilizador interno da agulha de tra\u00e7o pode tornar a agulha mais est\u00e1vel quando voc\u00ea est\u00e1 tra\u00e7ando<\/span><\/p>\n<p class=\"MsoNormal\"><span style=\"font-size: 12.0pt; line-height: 107%; font-family: 'Century Gothic',sans-serif;\">\uf06cO design exclusivo da membrana de borracha permite que a agulha fique mais pr\u00f3xima da ponta da agulha e aumente a estabilidade, e evitar o refluxo de tinta pode proteger melhor sua m\u00e1quina de tatuagem<\/span><\/p>\n<p class=\"MsoNormal\"><span style=\"font-size: 12.0pt; line-height: 107%; font-family: 'Century Gothic',sans-serif;\">\uf06cA agulha do cartucho Lance adota o padr\u00e3o Universal, e serve na maioria das m\u00e1quinas de tatuagem do mercado<\/span><\/p>\n<p class=\"MsoNormal\"><span style=\"font-size: 12.0pt; line-height: 107%; font-family: 'Century Gothic',sans-serif;\">\uf06c Grade de tamanhos completa para atender a uma variedade de estilos de tatuagem<\/span><\/p>\n<p class=\"MsoNormal\"><span style=\"font-size: 12.0pt; line-height: 107%; font-family: 'Century Gothic',sans-serif;\">\uf06cCartuchos PEPAX Lance fabricados e montados nas condi\u00e7\u00f5es mais higi\u00eanicas, 100% esterilizados pela E.O. G\u00e1s.<\/span><\/p>\n<p class=\"MsoNormal\"><span style=\"line-height: 107%;\"> <span style=\"font-size: 12.0pt; line-height: 107%; font-family: 'Century Gothic',sans-serif;\">\uf06cProduto descart\u00e1vel, por favor, n\u00e3o use duas vezes!<\/span><\/span><\/p>\n","protected":false},"excerpt":{"rendered":"<p>Anvisa 82151439003<\/p>\n","protected":false},"featured_media":5277,"comment_status":"open","ping_status":"closed","template":"","meta":[],"product_brand":[],"product_cat":[196],"product_tag":[240,245,244,243,238,241,239,242],"class_list":{"0":"post-4766","1":"product","2":"type-product","3":"status-publish","4":"has-post-thumbnail","6":"product_cat-pepax-lance","7":"product_tag-agulha-lance","8":"product_tag-agulha-pepax","9":"product_tag-cartucho-lance","10":"product_tag-cartucho-lance-pepax","11":"product_tag-cartucho-pepax","12":"product_tag-lance-pepax","13":"product_tag-pepax-agulha","14":"product_tag-pepax-lance","15":"pa_tipo-0603rll","16":"pa_tipo-0605rll","17":"pa_tipo-0803rll","18":"pa_tipo-0805rll","19":"pa_tipo-0807cml","20":"pa_tipo-0807rll","21":"pa_tipo-0809rll","22":"pa_tipo-0819cml","23":"pa_tipo-0821cml","24":"pa_tipo-0825cml","25":"pa_tipo-0827cml","26":"pa_tipo-1003rll","27":"pa_tipo-1005cml","28":"pa_tipo-1005rll","29":"pa_tipo-1005rsl","30":"pa_tipo-1007cml","31":"pa_tipo-1007mgl","32":"pa_tipo-1007rll","33":"pa_tipo-1007rsl","34":"pa_tipo-1009cml","35":"pa_tipo-1009mgl","36":"pa_tipo-1009rll","37":"pa_tipo-1009rsl","38":"pa_tipo-1011cml","39":"pa_tipo-1011mgl","40":"pa_tipo-1011rll","41":"pa_tipo-1011rsl","42":"pa_tipo-1013cml","43":"pa_tipo-1013mgl","44":"pa_tipo-1014rll","45":"pa_tipo-1014rsl","46":"pa_tipo-1015cml","47":"pa_tipo-1015mgl","48":"pa_tipo-1017cml","49":"pa_tipo-1019mgl","50":"pa_tipo-1021cml","51":"pa_tipo-1023cml","52":"pa_tipo-1023mgl","53":"pa_tipo-1025cml","54":"pa_tipo-1027cml","55":"pa_tipo-1201rll","57":"first","58":"instock","59":"featured","60":"shipping-taxable","61":"purchasable","62":"product-type-variable"},"_links":{"self":[{"href":"https:\/\/uptattoosupplies.com.br\/loja\/wp-json\/wp\/v2\/product\/4766","targetHints":{"allow":["GET"]}}],"collection":[{"href":"https:\/\/uptattoosupplies.com.br\/loja\/wp-json\/wp\/v2\/product"}],"about":[{"href":"https:\/\/uptattoosupplies.com.br\/loja\/wp-json\/wp\/v2\/types\/product"}],"replies":[{"embeddable":true,"href":"https:\/\/uptattoosupplies.com.br\/loja\/wp-json\/wp\/v2\/comments?post=4766"}],"wp:featuredmedia":[{"embeddable":true,"href":"https:\/\/uptattoosupplies.com.br\/loja\/wp-json\/wp\/v2\/media\/5277"}],"wp:attachment":[{"href":"https:\/\/uptattoosupplies.com.br\/loja\/wp-json\/wp\/v2\/media?parent=4766"}],"wp:term":[{"taxonomy":"product_brand","embeddable":true,"href":"https:\/\/uptattoosupplies.com.br\/loja\/wp-json\/wp\/v2\/product_brand?post=4766"},{"taxonomy":"product_cat","embeddable":true,"href":"https:\/\/uptattoosupplies.com.br\/loja\/wp-json\/wp\/v2\/product_cat?post=4766"},{"taxonomy":"product_tag","embeddable":true,"href":"https:\/\/uptattoosupplies.com.br\/loja\/wp-json\/wp\/v2\/product_tag?post=4766"}],"curies":[{"name":"wp","href":"https:\/\/api.w.org\/{rel}","templated":true}]}}