{"id":4419,"date":"2023-05-18T15:10:07","date_gmt":"2023-05-18T18:10:07","guid":{"rendered":"http:\/\/uptattoosupplies.com.br\/loja\/produto\/cartucho-spades-by-dynamic-caixa\/"},"modified":"2025-07-22T11:39:11","modified_gmt":"2025-07-22T14:39:11","slug":"cartucho-spades-by-dynamic-caixa","status":"publish","type":"product","link":"https:\/\/uptattoosupplies.com.br\/loja\/produto\/cartucho-spades-by-dynamic-caixa\/","title":{"rendered":"Cartucho Spades by Dynamic Caixa"},"content":{"rendered":"<p><strong>\u2660<\/strong><strong>\u00a0<\/strong><strong>\u2660<\/strong><strong>\u00a0<\/strong><strong>Cartucho Spades Premium by Dynamic\u00a0<\/strong><strong>\u00a0<\/strong><strong>\u2660<\/strong><strong>\u00a0<\/strong><strong>\u2660<\/strong><strong>\u00a0<\/strong><\/p>\n<p>Os artistas podem contar com os cartuchos Spades como o novo padr\u00e3o ouro para agulhas de tatuagem.<br \/>\nEssas agulhas s\u00e3o conhecidas por sua estabilidade e precis\u00e3o, permitindo uma tatuagem confort\u00e1vel e sem estresse.<\/p>\n<p>Essas agulhas de cartucho s\u00e3o fabricadas e montadas por m\u00e1quinas rob\u00f3ticas guiadas por laser.<br \/>\nEsse m\u00e9todo preciso de montagem garante cartuchos uniformes e exemplares com desempenho consistente.<br \/>\nQuando se trata de tatuagem, esses cartuchos t\u00eam vibra\u00e7\u00e3o zero e nenhum movimento oscilante ou de um lado para o outro.<\/p>\n<p>Apresentando agulhas de a\u00e7o cir\u00fargico e componentes de pl\u00e1stico de grau m\u00e9dico, as agulhas Spades s\u00e3o cuidadosamente inspecionadas, seguras de usar e embaladas individualmente em blisters esterilizados.<br \/>\nO Cartucho Spades RL e RS s\u00e3o constru\u00eddos com um cone extra longo e oferecem penetra\u00e7\u00e3o na pele f\u00e1cil e menos traum\u00e1tica para uma cicatriza\u00e7\u00e3o ideal.<br \/>\nOs Magnuns Spades, constru\u00eddos de forma mais tradicional, oferecem as mesmas qualidades de penetra\u00e7\u00e3o ideais dos liners e shaders.<br \/>\nAs agulhas de cartucho Spade s\u00e3o f\u00e1ceis de limpar e apresentam o logotipo Spades exclusivo.<\/p>\n<p>Seu segredo \u00e9 a alta qualidade das agulhas Japonesas com a\u00e7o 316L, com alta taxa de polimento, que atendem aos padr\u00f5es dos tatuadores profissionais!<\/p>\n<p>Gra\u00e7as aos diferentes tamanhos de Tra\u00e7os, n\u00e3o h\u00e1 limites para a liberdade criativa individual do artista.<\/p>\n<p>Preencher as cores \u00e9 t\u00e3o f\u00e1cil quanto aplic\u00e1-las com as agulhas de primeira classe, mergulhando em um pequeno batoque colorido ou preenchendo a abertura superior do cartucho.<\/p>\n<p>Al\u00e9m disso, o material de uso \u00fanico pode ser trocado rapidamente e permite um trabalho perfeito, descomplicado e higi\u00eanico!<\/p>\n<ul>\n<li>Cartucho Dynamic Spades<\/li>\n<li>Spades Needles<\/li>\n<\/ul>\n<p><strong>Especifica\u00e7\u00f5es:<\/strong><\/p>\n<ul>\n<li>Tipo de agulha: Round Liner (RL), Round Shader (RS), Magnum (MG), Curved Magnum (RM)<\/li>\n<li>Agulhas de a\u00e7o cir\u00fargico com componentes de pl\u00e1stico de grau m\u00e9dico<\/li>\n<li>Fabricado por m\u00e1quinas rob\u00f3ticas guiadas por laser<\/li>\n<li>Baixa vibra\u00e7\u00e3o para tatuagem confort\u00e1vel<\/li>\n<li>Sem movimentos de um lado para o outro ou oscila\u00e7\u00e3o<\/li>\n<li>Vem com membrana interna para evitar respingos de tinta<\/li>\n<li>Compat\u00edvel com todos os apertos de cartucho padr\u00e3o e m\u00e1quinas<\/li>\n<li>Cuidadosamente inspecionados e embalados em blisters esterilizados<\/li>\n<li>Cartucho Universal \u2013 Compat\u00edvel com todos os GRIPS de cartucho e m\u00e1quinas<\/li>\n<li>Caixa de 10 cartuchos de agulha<\/li>\n<\/ul>\n","protected":false},"excerpt":{"rendered":"<p style=\"text-align: left;\"><span style=\"font-size: 12px;\">\u2660 Cartucho com afia\u00e7\u00e3o p\/ longas horas de trabalho!\u00a0\u2660<br \/>\nCaixa com 10 Unidades<\/span><\/p>\n","protected":false},"featured_media":5097,"comment_status":"open","ping_status":"closed","template":"","meta":[],"product_brand":[],"product_cat":[104],"product_tag":[186,132,131,183,184,187,185,188],"class_list":{"0":"post-4419","1":"product","2":"type-product","3":"status-publish","4":"has-post-thumbnail","6":"product_cat-spades-dynamic","7":"product_tag-agulha-dynamic","8":"product_tag-cartucho-dynamic","9":"product_tag-cartucho-spades","10":"product_tag-dynamic","11":"product_tag-dynamic-spades","12":"product_tag-spades-cartuchos-de-agulhas","13":"product_tag-spades-dynamic","14":"product_tag-spades-fine-line","16":"first","17":"instock","18":"featured","19":"shipping-taxable","20":"purchasable","21":"product-type-variable"},"_links":{"self":[{"href":"https:\/\/uptattoosupplies.com.br\/loja\/wp-json\/wp\/v2\/product\/4419","targetHints":{"allow":["GET"]}}],"collection":[{"href":"https:\/\/uptattoosupplies.com.br\/loja\/wp-json\/wp\/v2\/product"}],"about":[{"href":"https:\/\/uptattoosupplies.com.br\/loja\/wp-json\/wp\/v2\/types\/product"}],"replies":[{"embeddable":true,"href":"https:\/\/uptattoosupplies.com.br\/loja\/wp-json\/wp\/v2\/comments?post=4419"}],"wp:featuredmedia":[{"embeddable":true,"href":"https:\/\/uptattoosupplies.com.br\/loja\/wp-json\/wp\/v2\/media\/5097"}],"wp:attachment":[{"href":"https:\/\/uptattoosupplies.com.br\/loja\/wp-json\/wp\/v2\/media?parent=4419"}],"wp:term":[{"taxonomy":"product_brand","embeddable":true,"href":"https:\/\/uptattoosupplies.com.br\/loja\/wp-json\/wp\/v2\/product_brand?post=4419"},{"taxonomy":"product_cat","embeddable":true,"href":"https:\/\/uptattoosupplies.com.br\/loja\/wp-json\/wp\/v2\/product_cat?post=4419"},{"taxonomy":"product_tag","embeddable":true,"href":"https:\/\/uptattoosupplies.com.br\/loja\/wp-json\/wp\/v2\/product_tag?post=4419"}],"curies":[{"name":"wp","href":"https:\/\/api.w.org\/{rel}","templated":true}]}}